{"id":13579,"date":"2018-09-27T12:17:30","date_gmt":"2018-09-27T12:17:30","guid":{"rendered":"https:\/\/ilguciems.lv\/buvmaterialu-ekspluatacijas-ipasibu-deklaracijas\/"},"modified":"2024-05-08T14:07:22","modified_gmt":"2024-05-08T14:07:22","slug":"deklaracii-ekspluatacionnih-svoystv-stroitelynih-materialov","status":"publish","type":"page","link":"https:\/\/ilguciems.lv\/ru\/deklaracii-ekspluatacionnih-svoystv\/deklaracii-ekspluatacionnih-svoystv-stroitelynih-materialov\/","title":{"rendered":"\u0414\u0435\u043a\u043b\u0430\u0440\u0430\u0446\u0438\u0438 \u044d\u043a\u0441\u043f\u043b\u0443\u0430\u0442\u0430\u0446\u0438\u043e\u043d\u043d\u044b\u0445 \u0441\u0432\u043e\u0439\u0441\u0442\u0432 \u0441\u0442\u0440\u043e\u0438\u0442\u0435\u043b\u044c\u043d\u044b\u0445 \u043c\u0430\u0442\u0435\u0440\u0438\u0430\u043b\u043e\u0432"},"content":{"rendered":"<div id='av_section_1'  class='avia-section main_color avia-section-default avia-no-shadow  avia-bg-style-scroll  avia-builder-el-0  avia-builder-el-no-sibling   container_wrap sidebar_right' style=' '  ><div class='container' ><main  role=\"main\" itemprop=\"mainContentOfPage\"  class='template-page content  av-content-small alpha units'><div class='post-entry post-entry-type-page post-entry-13579'><div class='entry-content-wrapper clearfix'>\n<div  style='padding-bottom:10px; ' class='av-special-heading av-special-heading-h1  blockquote modern-quote modern-centered  avia-builder-el-1  el_before_av_hr  avia-builder-el-first  '><h1 class='av-special-heading-tag '  itemprop=\"headline\"  >\u0414\u0435\u043a\u043b\u0430\u0440\u0430\u0446\u0438\u0438 \u044d\u043a\u0441\u043f\u043b\u0443\u0430\u0442\u0430\u0446\u0438\u043e\u043d\u043d\u044b\u0445 \u0441\u0432\u043e\u0439\u0441\u0442\u0432 \u0441\u0442\u0440\u043e\u0438\u0442\u0435\u043b\u044c\u043d\u044b\u0445 \u043c\u0430\u0442\u0435\u0440\u0438\u0430\u043b\u043e\u0432<\/h1><div class='special-heading-border'><div class='special-heading-inner-border' ><\/div><\/div><\/div>\n<div  style='height:35px' class='hr hr-invisible   avia-builder-el-2  el_after_av_heading  el_before_av_one_third '><span class='hr-inner ' ><span class='hr-inner-style'><\/span><\/span><\/div>\n<div class='flex_column_table av-equal-height-column-flextable -flextable' ><div class=\"flex_column av_one_third  flex_column_table_cell av-equal-height-column av-align-top av-zero-column-padding first  avia-builder-el-3  el_after_av_hr  el_before_av_one_third  \" style='border-radius:0px; '><p><div  style='height:20px' class='hr hr-invisible   avia-builder-el-4  el_before_av_toggle_container  avia-builder-el-first '><span class='hr-inner ' ><span class='hr-inner-style'><\/span><\/span><\/div><br \/>\n<div   class=\"togglecontainer   toggle_close_all  avia-builder-el-5  el_after_av_hr  el_before_av_hr \" >\n<section class=\"av_toggle_section\"  itemscope=\"itemscope\" itemtype=\"https:\/\/schema.org\/CreativeWork\"  >    <div role=\"tablist\" class=\"single_toggle\" data-tags=\"{\u0412\u0441\u0435} \"  >        <p data-fake-id=\"#toggle-id-1\" class=\"toggler \"  itemprop=\"headline\"    role=\"tab\" tabindex=\"0\" aria-controls=\"toggle-id-1\">\u0410\u0440\u043c\u0430\u0442\u0443\u0440\u0430, \u0441\u0435\u0442\u043a\u0430<span class=\"toggle_icon\" >        <span class=\"vert_icon\"><\/span><span class=\"hor_icon\"><\/span><\/span><\/p>        <div id=\"toggle-id-1\" class=\"toggle_wrap \"   >            <div class=\"toggle_content invers-color \"  itemprop=\"text\"   ><p><a href=\"https:\/\/ilguciems.lv\/wp-content\/uploads\/2019\/07\/Bi-armat\u016bra.pdf\" target=\"_blank\" rel=\"noopener noreferrer\">Bi-\u0430\u0440\u043c\u0430\u0442\u0443\u0440\u0430<\/a><\/p>\n            <\/div>        <\/div>    <\/div><\/section>\n<section class=\"av_toggle_section\"  itemscope=\"itemscope\" itemtype=\"https:\/\/schema.org\/CreativeWork\"  >    <div role=\"tablist\" class=\"single_toggle\" data-tags=\"{\u0412\u0441\u0435} \"  >        <p data-fake-id=\"#toggle-id-2\" class=\"toggler \"  itemprop=\"headline\"    role=\"tab\" tabindex=\"0\" aria-controls=\"toggle-id-2\">\u0411\u043b\u043e\u043a\u0438, \u043a\u0438\u0440\u043f\u0438\u0447\u0438<span class=\"toggle_icon\" >        <span class=\"vert_icon\"><\/span><span class=\"hor_icon\"><\/span><\/span><\/p>        <div id=\"toggle-id-2\" class=\"toggle_wrap \"   >            <div class=\"toggle_content invers-color \"  itemprop=\"text\"   ><p><a href=\"https:\/\/ilguciems.lv\/wp-content\/uploads\/2019\/07\/Caurumotie-silik\u0101t\u0137ie\u0123e\u013ci.pdf\" target=\"_blank\" rel=\"noopener noreferrer\">\u041f\u0443\u0441\u0442\u043e\u0442\u0435\u043b\u044b\u0435 \u0441\u0438\u043b\u0438\u043a\u0430\u0442\u043d\u044b\u0435 \u043a\u0438\u0440\u043f\u0438\u0447\u0438<\/a><\/p>\n<p><a href=\"https:\/\/ilguciems.lv\/wp-content\/uploads\/2019\/07\/Ceplis-d\u016bmvadu-\u0137ie\u0123e\u013ci.pdf\" target=\"_blank\" rel=\"noopener noreferrer\">Ceplis \u0434\u044b\u043c\u043e\u0445\u043e\u0434\u043d\u044b\u0435 \u043a\u0438\u0440\u043f\u0438\u0447\u0438<\/a><\/p>\n<p><a href=\"https:\/\/ilguciems.lv\/wp-content\/uploads\/2019\/07\/Ceplis-kr\u0101sns-\u0137ie\u0123e\u013ci.pdf\" target=\"_blank\" rel=\"noopener noreferrer\">Ceplis \u043f\u0435\u0447\u043d\u044b\u0435 \u043a\u0438\u0440\u043f\u0438\u0447\u0438<\/a><\/p>\n<p><a href=\"https:\/\/ilguciems.lv\/wp-content\/uploads\/2019\/07\/G\u0101zbetona-bloki-3MPa.pdf\" target=\"_blank\" rel=\"noopener noreferrer\">\u0413\u0430\u0437\u043e\u0431\u0435\u0442\u043e\u043d\u043d\u044b\u0435 \u0431\u043b\u043e\u043a\u0438 3MPa<\/a><\/p>\n<p><a href=\"https:\/\/ilguciems.lv\/wp-content\/uploads\/2019\/07\/Keramz\u012bta-bloki-3MPa.pdf\" target=\"_blank\" rel=\"noopener noreferrer\">\u041a\u0435\u0440\u0430\u043c\u0437\u0438\u0442\u043e\u0432\u044b\u0435 \u0431\u043b\u043e\u043a\u0438 3MPa<\/a><\/p>\n<p><a href=\"https:\/\/ilguciems.lv\/wp-content\/uploads\/2019\/07\/Keramz\u012bta-bloki-5Mpa.pdf\" target=\"_blank\" rel=\"noopener noreferrer\">\u041a\u0435\u0440\u0430\u043c\u0437\u0438\u0442\u043e\u0432\u044b\u0435 \u0431\u043b\u043e\u043a\u0438 5MPa<\/a><\/p>\n<p><a href=\"https:\/\/ilguciems.lv\/wp-content\/uploads\/2019\/07\/Lode-d\u016bmvadu-\u0137ie\u0123e\u013ci.pdf\" target=\"_blank\" rel=\"noopener noreferrer\">Lode \u0434\u044b\u043c\u043e\u0445\u043e\u0434\u043d\u044b\u0435 \u043a\u0438\u0440\u043f\u0438\u0447\u0438<\/a><\/p>\n<p><a href=\"https:\/\/ilguciems.lv\/wp-content\/uploads\/2019\/07\/Lode-kr\u0101sns-\u0137ie\u0123e\u013ci.pdf\" target=\"_blank\" rel=\"noopener noreferrer\">Lode \u043f\u0435\u0447\u043d\u044b\u0435 \u043a\u0438\u0440\u043f\u0438\u0447\u0438<\/a><\/p>\n<p><a href=\"https:\/\/ilguciems.lv\/wp-content\/uploads\/2021\/06\/DoP-kieg.pilns-2021.pdf\" target=\"_blank\" rel=\"noopener noreferrer\">\u041f\u043e\u043b\u043d\u043e\u0442\u0435\u043b\u044b\u0435 \u0441\u0438\u043b\u0438\u043a\u0430\u0442\u043d\u044b\u0435 \u043a\u0438\u0440\u043f\u0438\u0447\u0438<\/a><\/p>\n            <\/div>        <\/div>    <\/div><\/section>\n<\/div><br \/>\n<div  style='height:40px' class='hr hr-invisible   avia-builder-el-6  el_after_av_toggle_container  avia-builder-el-last '><span class='hr-inner ' ><span class='hr-inner-style'><\/span><\/span><\/div><\/p><\/div><div class='av-flex-placeholder'><\/div><div class=\"flex_column av_one_third  flex_column_table_cell av-equal-height-column av-align-top av-zero-column-padding   avia-builder-el-7  el_after_av_one_third  el_before_av_one_third  \" style='border-radius:0px; '><p><div  style='height:20px' class='hr hr-invisible   avia-builder-el-8  el_before_av_toggle_container  avia-builder-el-first '><span class='hr-inner ' ><span class='hr-inner-style'><\/span><\/span><\/div><br \/>\n<div   class=\"togglecontainer   toggle_close_all  avia-builder-el-9  el_after_av_hr  el_before_av_hr \" >\n<section class=\"av_toggle_section\"  itemscope=\"itemscope\" itemtype=\"https:\/\/schema.org\/CreativeWork\"  >    <div role=\"tablist\" class=\"single_toggle\" data-tags=\"{\u0412\u0441\u0435} \"  >        <p data-fake-id=\"#toggle-id-3\" class=\"toggler \"  itemprop=\"headline\"    role=\"tab\" tabindex=\"0\" aria-controls=\"toggle-id-3\">\u041e\u0440\u0438\u0435\u043d\u0442\u0438\u0440\u043e\u0432\u0430\u043d\u043d\u043e-\u0441\u0442\u0440\u0443\u0436\u0435\u0447\u043d\u044b\u0435 \u043f\u043b\u0438\u0442\u044b (OSB)<span class=\"toggle_icon\" >        <span class=\"vert_icon\"><\/span><span class=\"hor_icon\"><\/span><\/span><\/p>        <div id=\"toggle-id-3\" class=\"toggle_wrap \"   >            <div class=\"toggle_content invers-color \"  itemprop=\"text\"   ><p><a href=\"https:\/\/ilguciems.lv\/wp-content\/uploads\/2019\/07\/OSB-3.pdf\" target=\"_blank\" rel=\"noopener noreferrer\">OSB-3<\/a><\/p>\n            <\/div>        <\/div>    <\/div><\/section>\n<\/div><br \/>\n<div  style='height:40px' class='hr hr-invisible   avia-builder-el-10  el_after_av_toggle_container  avia-builder-el-last '><span class='hr-inner ' ><span class='hr-inner-style'><\/span><\/span><\/div><\/p><\/div><div class='av-flex-placeholder'><\/div><div class=\"flex_column av_one_third  flex_column_table_cell av-equal-height-column av-align-top av-zero-column-padding   avia-builder-el-11  el_after_av_one_third  avia-builder-el-last  \" style='border-radius:0px; '><p><div  style='height:20px' class='hr hr-invisible   avia-builder-el-12  el_before_av_toggle_container  avia-builder-el-first '><span class='hr-inner ' ><span class='hr-inner-style'><\/span><\/span><\/div><br \/>\n<div   class=\"togglecontainer   toggle_close_all  avia-builder-el-13  el_after_av_hr  el_before_av_hr \" >\n<section class=\"av_toggle_section\"  itemscope=\"itemscope\" itemtype=\"https:\/\/schema.org\/CreativeWork\"  >    <div role=\"tablist\" class=\"single_toggle\" data-tags=\"{\u0412\u0441\u0435} \"  >        <p data-fake-id=\"#toggle-id-4\" class=\"toggler \"  itemprop=\"headline\"    role=\"tab\" tabindex=\"0\" aria-controls=\"toggle-id-4\">\u0421\u0443\u0445\u0438\u0435 \u0441\u043c\u0435\u0441\u0438<span class=\"toggle_icon\" >        <span class=\"vert_icon\"><\/span><span class=\"hor_icon\"><\/span><\/span><\/p>        <div id=\"toggle-id-4\" class=\"toggle_wrap \"   >            <div class=\"toggle_content invers-color \"  itemprop=\"text\"   ><p><a href=\"https:\/\/ilguciems.lv\/wp-content\/uploads\/2019\/08\/Kalcija-ka\u013c\u0137i.pdf\">\u0413\u0430\u0448\u0451\u043d\u0430\u044f \u0438\u0437\u0432\u0435\u0441\u0442\u044c<\/a><\/p>\n            <\/div>        <\/div>    <\/div><\/section>\n<\/div><br \/>\n<div  style='height:40px' class='hr hr-invisible   avia-builder-el-14  el_after_av_toggle_container  avia-builder-el-last '><span class='hr-inner ' ><span class='hr-inner-style'><\/span><\/span><\/div><\/p><\/div><\/div><!--close column table wrapper. Autoclose: 1 --><\/div><\/div><\/main><!-- close content main element --><\/div><\/div><div id='after_section_1'  class='main_color av_default_container_wrap container_wrap sidebar_right' style=' '  ><div class='container' ><div class='template-page content  av-content-small alpha units'><div class='post-entry post-entry-type-page post-entry-13579'><div class='entry-content-wrapper clearfix'>\n","protected":false},"excerpt":{"rendered":"","protected":false},"author":6,"featured_media":0,"parent":15297,"menu_order":0,"comment_status":"closed","ping_status":"closed","template":"","meta":{"_acf_changed":false,"inline_featured_image":false,"footnotes":""},"class_list":["post-13579","page","type-page","status-publish","hentry"],"acf":[],"_links":{"self":[{"href":"https:\/\/ilguciems.lv\/ru\/wp-json\/wp\/v2\/pages\/13579","targetHints":{"allow":["GET"]}}],"collection":[{"href":"https:\/\/ilguciems.lv\/ru\/wp-json\/wp\/v2\/pages"}],"about":[{"href":"https:\/\/ilguciems.lv\/ru\/wp-json\/wp\/v2\/types\/page"}],"author":[{"embeddable":true,"href":"https:\/\/ilguciems.lv\/ru\/wp-json\/wp\/v2\/users\/6"}],"replies":[{"embeddable":true,"href":"https:\/\/ilguciems.lv\/ru\/wp-json\/wp\/v2\/comments?post=13579"}],"version-history":[{"count":6,"href":"https:\/\/ilguciems.lv\/ru\/wp-json\/wp\/v2\/pages\/13579\/revisions"}],"predecessor-version":[{"id":40940,"href":"https:\/\/ilguciems.lv\/ru\/wp-json\/wp\/v2\/pages\/13579\/revisions\/40940"}],"up":[{"embeddable":true,"href":"https:\/\/ilguciems.lv\/ru\/wp-json\/wp\/v2\/pages\/15297"}],"wp:attachment":[{"href":"https:\/\/ilguciems.lv\/ru\/wp-json\/wp\/v2\/media?parent=13579"}],"curies":[{"name":"wp","href":"https:\/\/api.w.org\/{rel}","templated":true}]}}