{"id":13326,"date":"2018-08-23T09:02:28","date_gmt":"2018-08-23T09:02:28","guid":{"rendered":"https:\/\/ilguciems.lv\/noderiga-informacija\/"},"modified":"2026-02-02T15:06:33","modified_gmt":"2026-02-02T15:06:33","slug":"poleznaya-informaciya","status":"publish","type":"page","link":"https:\/\/ilguciems.lv\/ru\/poleznaya-informaciya\/","title":{"rendered":"\u041f\u043e\u043b\u0435\u0437\u043d\u0430\u044f \u0438\u043d\u0444\u043e\u0440\u043c\u0430\u0446\u0438\u044f"},"content":{"rendered":"<div class=\"flex_column av_one_full  no_margin flex_column_div av-zero-column-padding first  avia-builder-el-0  el_before_av_one_full  avia-builder-el-first  \" style='border-radius:0px; '><div  style='padding-bottom:10px; ' class='av-special-heading av-special-heading-h1  blockquote modern-quote modern-centered  avia-builder-el-1  avia-builder-el-no-sibling  '><h1 class='av-special-heading-tag '  itemprop=\"headline\"  >\u041f\u041e\u041b\u0415\u0417\u041d\u0410\u042f \u0418\u041d\u0424\u041e\u0420\u041c\u0410\u0426\u0418\u042f<\/h1><div class='special-heading-border'><div class='special-heading-inner-border' ><\/div><\/div><\/div><\/div>\n<div class=\"flex_column av_one_full  flex_column_div av-zero-column-padding first  avia-builder-el-2  el_after_av_one_full  avia-builder-el-last  column-top-margin\" style='border-radius:0px; '><div   class=\"togglecontainer   toggle_close_all  avia-builder-el-3  avia-builder-el-no-sibling  accordion-new av-masonry-container\" >\n<section class=\"av_toggle_section\"  itemscope=\"itemscope\" itemtype=\"https:\/\/schema.org\/CreativeWork\"  >    <div role=\"tablist\" class=\"single_toggle\" data-tags=\"{\u0412\u0441\u0435} \"  >        <p data-fake-id=\"#toggle-id-1\" class=\"toggler \"  itemprop=\"headline\"    role=\"tab\" tabindex=\"0\" aria-controls=\"toggle-id-1\">\u041a\u0410\u0422\u0410\u041b\u041e\u0413\u0418 \u0418 \u0411\u0423\u041a\u041b\u0415\u0422\u042b<span class=\"toggle_icon\" >        <span class=\"vert_icon\"><\/span><span class=\"hor_icon\"><\/span><\/span><\/p>        <div id=\"toggle-id-1\" class=\"toggle_wrap \"   >            <div class=\"toggle_content invers-color \"  itemprop=\"text\"   ><p><div id=\"attachment_40864\" style=\"width: 224px\" class=\"wp-caption alignleft\"><a href=\"https:\/\/ilguciems.lv\/wp-content\/uploads\/2024\/05\/Durvju-buklets-I\u013b\u0122UCIEMS.pdf\"><img loading=\"lazy\" decoding=\"async\" aria-describedby=\"caption-attachment-40864\" class=\"wp-image-40864 size-medium\" src=\"https:\/\/ilguciems.lv\/wp-content\/uploads\/2024\/05\/durvis-ILG-214x300.png\" alt=\"\" width=\"214\" height=\"300\" srcset=\"https:\/\/ilguciems.lv\/wp-content\/uploads\/2024\/05\/durvis-ILG-214x300.png 214w, https:\/\/ilguciems.lv\/wp-content\/uploads\/2024\/05\/durvis-ILG-65x91.png 65w, https:\/\/ilguciems.lv\/wp-content\/uploads\/2024\/05\/durvis-ILG.png 413w\" sizes=\"auto, (max-width: 214px) 100vw, 214px\" \/><\/a><p id=\"caption-attachment-40864\" class=\"wp-caption-text\">D\u014cRA \u0414\u0412\u0415\u0420\u041d\u041e\u0419 \u0411\u0423\u041a\u041b\u0415\u0422<\/p><\/div><br \/>\n<div id=\"attachment_40893\" style=\"width: 224px\" class=\"wp-caption alignleft\"><a href=\"https:\/\/ilguciems.lv\/wp-content\/uploads\/2024\/05\/Swedoor_katalogs-1.pdf\"><img loading=\"lazy\" decoding=\"async\" aria-describedby=\"caption-attachment-40893\" class=\"wp-image-40893 size-medium\" src=\"https:\/\/ilguciems.lv\/wp-content\/uploads\/2024\/05\/swedoor-214x300.png\" alt=\"\" width=\"214\" height=\"300\" srcset=\"https:\/\/ilguciems.lv\/wp-content\/uploads\/2024\/05\/swedoor-214x300.png 214w, https:\/\/ilguciems.lv\/wp-content\/uploads\/2024\/05\/swedoor-65x91.png 65w, https:\/\/ilguciems.lv\/wp-content\/uploads\/2024\/05\/swedoor.png 413w\" sizes=\"auto, (max-width: 214px) 100vw, 214px\" \/><\/a><p id=\"caption-attachment-40893\" class=\"wp-caption-text\">SWEDOOR \u0414\u0412\u0415\u0420\u041d\u041e\u0419 \u041a\u0410\u0422\u0410\u041b\u041e\u0413<\/p><\/div><br \/>\n<div id=\"attachment_40885\" style=\"width: 222px\" class=\"wp-caption alignleft\"><a href=\"https:\/\/ilguciems.lv\/wp-content\/uploads\/2024\/05\/Collection_MIDA_2024_LV.pdf\"><img loading=\"lazy\" decoding=\"async\" aria-describedby=\"caption-attachment-40885\" class=\"wp-image-40885 size-medium\" src=\"https:\/\/ilguciems.lv\/wp-content\/uploads\/2024\/05\/MIDA-dakstini-2-212x300.png\" alt=\"\" width=\"212\" height=\"300\" srcset=\"https:\/\/ilguciems.lv\/wp-content\/uploads\/2024\/05\/MIDA-dakstini-2-212x300.png 212w, https:\/\/ilguciems.lv\/wp-content\/uploads\/2024\/05\/MIDA-dakstini-2-65x92.png 65w, https:\/\/ilguciems.lv\/wp-content\/uploads\/2024\/05\/MIDA-dakstini-2.png 413w\" sizes=\"auto, (max-width: 212px) 100vw, 212px\" \/><\/a><p id=\"caption-attachment-40885\" class=\"wp-caption-text\">MIDA \u0411\u0418\u0422\u0423\u041c\u041d\u0410\u042f \u0427\u0415\u0420\u0415\u041f\u0418\u0426\u0410<\/p><\/div><br \/>\n<div id=\"attachment_40870\" style=\"width: 224px\" class=\"wp-caption alignleft\"><a href=\"https:\/\/ilguciems.lv\/wp-content\/uploads\/2024\/05\/catalog_MIDA_2023.pdf\"><img loading=\"lazy\" decoding=\"async\" aria-describedby=\"caption-attachment-40870\" class=\"wp-image-40870 \" src=\"https:\/\/ilguciems.lv\/wp-content\/uploads\/2024\/05\/MIDA-kaus.png\" alt=\"\" width=\"214\" height=\"300\" srcset=\"https:\/\/ilguciems.lv\/wp-content\/uploads\/2024\/05\/MIDA-kaus.png 413w, https:\/\/ilguciems.lv\/wp-content\/uploads\/2024\/05\/MIDA-kaus-214x300.png 214w, https:\/\/ilguciems.lv\/wp-content\/uploads\/2024\/05\/MIDA-kaus-65x91.png 65w\" sizes=\"auto, (max-width: 214px) 100vw, 214px\" \/><\/a><p id=\"caption-attachment-40870\" class=\"wp-caption-text\">MIDA \u041d\u0410\u041f\u041b\u0410\u0412\u041b\u042f\u0415\u041c\u042b\u0415 \u041c\u0410\u0422\u0415\u0420\u0418\u0410\u041b\u042b<\/p><\/div><\/p>\n            <\/div>        <\/div>    <\/div><\/section>\n<section class=\"av_toggle_section\"  itemscope=\"itemscope\" itemtype=\"https:\/\/schema.org\/CreativeWork\"  >    <div role=\"tablist\" class=\"single_toggle\" data-tags=\"{\u0412\u0441\u0435} \"  >        <p data-fake-id=\"#toggle-id-2\" class=\"toggler \"  itemprop=\"headline\"    role=\"tab\" tabindex=\"0\" aria-controls=\"toggle-id-2\">\u0412\u0410\u0416\u041d\u042b\u0415 \u0423\u041a\u0410\u0417\u0410\u041d\u0418\u042f \u0414\u041b\u042f \u041c\u0415\u0416\u041a\u041e\u041c\u041d\u0410\u0422\u041d\u042b\u0425 \u0414\u0412\u0415\u0420\u0415\u0419 (\u0413\u0410\u0420\u0410\u041d\u0422\u0418\u042f, \u0418\u0421\u041f\u041e\u041b\u042c\u0417\u041e\u0412\u0410\u041d\u0418\u0415, \u0423\u0421\u0422\u0410\u041d\u041e\u0412\u041a\u0410)<span class=\"toggle_icon\" >        <span class=\"vert_icon\"><\/span><span class=\"hor_icon\"><\/span><\/span><\/p>        <div id=\"toggle-id-2\" class=\"toggle_wrap \"   >            <div class=\"toggle_content invers-color \"  itemprop=\"text\"   ><p><div id=\"attachment_48143\" style=\"width: 190px\" class=\"wp-caption alignleft\"><a href=\"https:\/\/ilguciems.lv\/wp-content\/uploads\/2026\/02\/Svarigie-noradijumi-garantija-lietosana-uzstadisana.pdf\"><img loading=\"lazy\" decoding=\"async\" aria-describedby=\"caption-attachment-48143\" class=\"wp-image-48143 size-square\" src=\"https:\/\/ilguciems.lv\/wp-content\/uploads\/2025\/11\/garantijas-noteikumi-180x180.png\" alt=\"\" width=\"180\" height=\"180\" \/><\/a><p id=\"caption-attachment-48143\" class=\"wp-caption-text\"><em>\u0413\u0410\u0420\u0410\u041d\u0422\u0418\u0419\u041d\u042b\u0415 \u0423\u0421\u041b\u041e\u0412\u0418\u042f<\/em><\/p><\/div><br \/>\n<div id=\"attachment_48199\" style=\"width: 190px\" class=\"wp-caption alignleft\"><a href=\"https:\/\/ilguciems.lv\/wp-content\/uploads\/2025\/11\/Uzst\u0101d\u012b\u0161anas-instrukcija-ILG.pdf\"><img loading=\"lazy\" decoding=\"async\" aria-describedby=\"caption-attachment-48199\" class=\"wp-image-48199 size-square\" src=\"https:\/\/ilguciems.lv\/wp-content\/uploads\/2025\/11\/2825767-180x180.jpg\" alt=\"\" width=\"180\" height=\"180\" srcset=\"https:\/\/ilguciems.lv\/wp-content\/uploads\/2025\/11\/2825767-180x180.jpg 180w, https:\/\/ilguciems.lv\/wp-content\/uploads\/2025\/11\/2825767-300x300.jpg 300w, https:\/\/ilguciems.lv\/wp-content\/uploads\/2025\/11\/2825767-80x80.jpg 80w, https:\/\/ilguciems.lv\/wp-content\/uploads\/2025\/11\/2825767-400x400.jpg 400w, https:\/\/ilguciems.lv\/wp-content\/uploads\/2025\/11\/2825767-65x65.jpg 65w, https:\/\/ilguciems.lv\/wp-content\/uploads\/2025\/11\/2825767-36x36.jpg 36w, https:\/\/ilguciems.lv\/wp-content\/uploads\/2025\/11\/2825767.jpg 512w\" sizes=\"auto, (max-width: 180px) 100vw, 180px\" \/><\/a><p id=\"caption-attachment-48199\" class=\"wp-caption-text\"><em>\u0418\u041d\u0421\u0422\u0420\u0423\u041a\u0426\u0418\u042f \u041f\u041e \u0423\u0421\u0422\u0410\u041d\u041e\u0412\u041a\u0415 \u041c\u0415\u0416\u041a\u041e\u041c\u041d\u0410\u0422\u041d\u042b\u0425 \u0414\u0412\u0415\u0420\u0415\u0419 \u0421\u0415\u0420\u0418\u0418 D\u014cRA<\/em><\/p><\/div><\/p>\n            <\/div>        <\/div>    <\/div><\/section>\n<\/div><\/div>\n","protected":false},"excerpt":{"rendered":"","protected":false},"author":6,"featured_media":0,"parent":0,"menu_order":0,"comment_status":"closed","ping_status":"closed","template":"","meta":{"_acf_changed":false,"inline_featured_image":false,"footnotes":""},"class_list":["post-13326","page","type-page","status-publish","hentry"],"acf":[],"_links":{"self":[{"href":"https:\/\/ilguciems.lv\/ru\/wp-json\/wp\/v2\/pages\/13326","targetHints":{"allow":["GET"]}}],"collection":[{"href":"https:\/\/ilguciems.lv\/ru\/wp-json\/wp\/v2\/pages"}],"about":[{"href":"https:\/\/ilguciems.lv\/ru\/wp-json\/wp\/v2\/types\/page"}],"author":[{"embeddable":true,"href":"https:\/\/ilguciems.lv\/ru\/wp-json\/wp\/v2\/users\/6"}],"replies":[{"embeddable":true,"href":"https:\/\/ilguciems.lv\/ru\/wp-json\/wp\/v2\/comments?post=13326"}],"version-history":[{"count":20,"href":"https:\/\/ilguciems.lv\/ru\/wp-json\/wp\/v2\/pages\/13326\/revisions"}],"predecessor-version":[{"id":50057,"href":"https:\/\/ilguciems.lv\/ru\/wp-json\/wp\/v2\/pages\/13326\/revisions\/50057"}],"wp:attachment":[{"href":"https:\/\/ilguciems.lv\/ru\/wp-json\/wp\/v2\/media?parent=13326"}],"curies":[{"name":"wp","href":"https:\/\/api.w.org\/{rel}","templated":true}]}}