{"id":13578,"date":"2018-09-27T12:17:30","date_gmt":"2018-09-27T12:17:30","guid":{"rendered":"https:\/\/ilguciems.lv\/buvmaterialu-ekspluatacijas-ipasibu-deklaracijas\/"},"modified":"2024-05-08T14:07:43","modified_gmt":"2024-05-08T14:07:43","slug":"declarations-of-performance-of-building-materials","status":"publish","type":"page","link":"https:\/\/ilguciems.lv\/en\/declarations-of-performance\/declarations-of-performance-of-building-materials\/","title":{"rendered":"Declarations of performance of building materials"},"content":{"rendered":"<div id='av_section_1'  class='avia-section main_color avia-section-default avia-no-shadow  avia-bg-style-scroll  avia-builder-el-0  avia-builder-el-no-sibling   container_wrap sidebar_right' style=' '  ><div class='container' ><main  role=\"main\" itemprop=\"mainContentOfPage\"  class='template-page content  av-content-small alpha units'><div class='post-entry post-entry-type-page post-entry-13578'><div class='entry-content-wrapper clearfix'>\n<div  style='padding-bottom:10px; ' class='av-special-heading av-special-heading-h1  blockquote modern-quote modern-centered  avia-builder-el-1  el_before_av_hr  avia-builder-el-first  '><h1 class='av-special-heading-tag '  itemprop=\"headline\"  >Declarations of performance of building materials<\/h1><div class='special-heading-border'><div class='special-heading-inner-border' ><\/div><\/div><\/div>\n<div  style='height:35px' class='hr hr-invisible   avia-builder-el-2  el_after_av_heading  el_before_av_one_third '><span class='hr-inner ' ><span class='hr-inner-style'><\/span><\/span><\/div>\n<div class='flex_column_table av-equal-height-column-flextable -flextable' ><div class=\"flex_column av_one_third  flex_column_table_cell av-equal-height-column av-align-top av-zero-column-padding first  avia-builder-el-3  el_after_av_hr  el_before_av_one_third  \" style='border-radius:0px; '><p><div  style='height:20px' class='hr hr-invisible   avia-builder-el-4  el_before_av_toggle_container  avia-builder-el-first '><span class='hr-inner ' ><span class='hr-inner-style'><\/span><\/span><\/div><br \/>\n<div   class=\"togglecontainer   toggle_close_all  avia-builder-el-5  el_after_av_hr  el_before_av_hr \" >\n<section class=\"av_toggle_section\"  itemscope=\"itemscope\" itemtype=\"https:\/\/schema.org\/CreativeWork\"  >    <div role=\"tablist\" class=\"single_toggle\" data-tags=\"{All} \"  >        <p data-fake-id=\"#toggle-id-1\" class=\"toggler \"  itemprop=\"headline\"    role=\"tab\" tabindex=\"0\" aria-controls=\"toggle-id-1\">Rebar, mesh<span class=\"toggle_icon\" >        <span class=\"vert_icon\"><\/span><span class=\"hor_icon\"><\/span><\/span><\/p>        <div id=\"toggle-id-1\" class=\"toggle_wrap \"   >            <div class=\"toggle_content invers-color \"  itemprop=\"text\"   ><p><a href=\"https:\/\/ilguciems.lv\/wp-content\/uploads\/2019\/07\/Bi-armat\u016bra.pdf\" target=\"_blank\" rel=\"noopener noreferrer\">Bi-rebar<\/a><\/p>\n            <\/div>        <\/div>    <\/div><\/section>\n<section class=\"av_toggle_section\"  itemscope=\"itemscope\" itemtype=\"https:\/\/schema.org\/CreativeWork\"  >    <div role=\"tablist\" class=\"single_toggle\" data-tags=\"{All} \"  >        <p data-fake-id=\"#toggle-id-2\" class=\"toggler \"  itemprop=\"headline\"    role=\"tab\" tabindex=\"0\" aria-controls=\"toggle-id-2\">Blocks, bricks<span class=\"toggle_icon\" >        <span class=\"vert_icon\"><\/span><span class=\"hor_icon\"><\/span><\/span><\/p>        <div id=\"toggle-id-2\" class=\"toggle_wrap \"   >            <div class=\"toggle_content invers-color \"  itemprop=\"text\"   ><p><a href=\"https:\/\/ilguciems.lv\/wp-content\/uploads\/2019\/07\/Caurumotie-silik\u0101t\u0137ie\u0123e\u013ci.pdf\" target=\"_blank\" rel=\"noopener noreferrer\">Hollow sand-lime bricks<\/a><\/p>\n<p><a href=\"https:\/\/ilguciems.lv\/wp-content\/uploads\/2019\/07\/Ceplis-d\u016bmvadu-\u0137ie\u0123e\u013ci.pdf\" target=\"_blank\" rel=\"noopener noreferrer\">Ceplis bricks for chimney<\/a><\/p>\n<p><a href=\"https:\/\/ilguciems.lv\/wp-content\/uploads\/2019\/07\/Ceplis-kr\u0101sns-\u0137ie\u0123e\u013ci.pdf\" target=\"_blank\" rel=\"noopener noreferrer\">Ceplis kiln bricks<\/a><\/p>\n<p><a href=\"https:\/\/ilguciems.lv\/wp-content\/uploads\/2019\/07\/G\u0101zbetona-bloki-3MPa.pdf\" target=\"_blank\" rel=\"noopener noreferrer\">Aerated concrete blocks 3MPa<\/a><\/p>\n<p><a href=\"https:\/\/ilguciems.lv\/wp-content\/uploads\/2019\/07\/Keramz\u012bta-bloki-3MPa.pdf\" target=\"_blank\" rel=\"noopener noreferrer\">Expanded clay blocks 3MPa<\/a><\/p>\n<p><a href=\"https:\/\/ilguciems.lv\/wp-content\/uploads\/2019\/07\/Keramz\u012bta-bloki-5Mpa.pdf\" target=\"_blank\" rel=\"noopener noreferrer\">Expanded clay blocks 5MPa<\/a><\/p>\n<p><a href=\"https:\/\/ilguciems.lv\/wp-content\/uploads\/2019\/07\/Lode-d\u016bmvadu-\u0137ie\u0123e\u013ci.pdf\" target=\"_blank\" rel=\"noopener noreferrer\">Lode bricks for chimney<\/a><\/p>\n<p><a href=\"https:\/\/ilguciems.lv\/wp-content\/uploads\/2019\/07\/Lode-kr\u0101sns-\u0137ie\u0123e\u013ci.pdf\" target=\"_blank\" rel=\"noopener noreferrer\">Lode kiln bricks<\/a><\/p>\n<p><a href=\"https:\/\/ilguciems.lv\/wp-content\/uploads\/2021\/06\/DoP-kieg.pilns-2021.pdf\" target=\"_blank\" rel=\"noopener noreferrer\">Solid sand-lime bricks<\/a><\/p>\n            <\/div>        <\/div>    <\/div><\/section>\n<\/div><br \/>\n<div  style='height:40px' class='hr hr-invisible   avia-builder-el-6  el_after_av_toggle_container  avia-builder-el-last '><span class='hr-inner ' ><span class='hr-inner-style'><\/span><\/span><\/div><\/p><\/div><div class='av-flex-placeholder'><\/div><div class=\"flex_column av_one_third  flex_column_table_cell av-equal-height-column av-align-top av-zero-column-padding   avia-builder-el-7  el_after_av_one_third  el_before_av_one_third  \" style='border-radius:0px; '><p><div  style='height:20px' class='hr hr-invisible   avia-builder-el-8  el_before_av_toggle_container  avia-builder-el-first '><span class='hr-inner ' ><span class='hr-inner-style'><\/span><\/span><\/div><br \/>\n<div   class=\"togglecontainer   toggle_close_all  avia-builder-el-9  el_after_av_hr  el_before_av_hr \" >\n<section class=\"av_toggle_section\"  itemscope=\"itemscope\" itemtype=\"https:\/\/schema.org\/CreativeWork\"  >    <div role=\"tablist\" class=\"single_toggle\" data-tags=\"{All} \"  >        <p data-fake-id=\"#toggle-id-3\" class=\"toggler \"  itemprop=\"headline\"    role=\"tab\" tabindex=\"0\" aria-controls=\"toggle-id-3\">Oriented strand boards (OSB)<span class=\"toggle_icon\" >        <span class=\"vert_icon\"><\/span><span class=\"hor_icon\"><\/span><\/span><\/p>        <div id=\"toggle-id-3\" class=\"toggle_wrap \"   >            <div class=\"toggle_content invers-color \"  itemprop=\"text\"   ><p><a href=\"https:\/\/ilguciems.lv\/wp-content\/uploads\/2019\/07\/OSB-3.pdf\" target=\"_blank\" rel=\"noopener noreferrer\">OSB-3<\/a><\/p>\n            <\/div>        <\/div>    <\/div><\/section>\n<\/div><br \/>\n<div  style='height:40px' class='hr hr-invisible   avia-builder-el-10  el_after_av_toggle_container  avia-builder-el-last '><span class='hr-inner ' ><span class='hr-inner-style'><\/span><\/span><\/div><\/p><\/div><div class='av-flex-placeholder'><\/div><div class=\"flex_column av_one_third  flex_column_table_cell av-equal-height-column av-align-top av-zero-column-padding   avia-builder-el-11  el_after_av_one_third  avia-builder-el-last  \" style='border-radius:0px; '><p><div  style='height:20px' class='hr hr-invisible   avia-builder-el-12  el_before_av_toggle_container  avia-builder-el-first '><span class='hr-inner ' ><span class='hr-inner-style'><\/span><\/span><\/div><br \/>\n<div   class=\"togglecontainer   toggle_close_all  avia-builder-el-13  el_after_av_hr  el_before_av_hr \" >\n<section class=\"av_toggle_section\"  itemscope=\"itemscope\" itemtype=\"https:\/\/schema.org\/CreativeWork\"  >    <div role=\"tablist\" class=\"single_toggle\" data-tags=\"{All} \"  >        <p data-fake-id=\"#toggle-id-4\" class=\"toggler \"  itemprop=\"headline\"    role=\"tab\" tabindex=\"0\" aria-controls=\"toggle-id-4\">Dry mixes<span class=\"toggle_icon\" >        <span class=\"vert_icon\"><\/span><span class=\"hor_icon\"><\/span><\/span><\/p>        <div id=\"toggle-id-4\" class=\"toggle_wrap \"   >            <div class=\"toggle_content invers-color \"  itemprop=\"text\"   ><p><a href=\"https:\/\/ilguciems.lv\/wp-content\/uploads\/2019\/08\/Kalcija-ka\u013c\u0137i.pdf\">Hydrated lime<\/a><\/p>\n            <\/div>        <\/div>    <\/div><\/section>\n<\/div><br \/>\n<div  style='height:40px' class='hr hr-invisible   avia-builder-el-14  el_after_av_toggle_container  avia-builder-el-last '><span class='hr-inner ' ><span class='hr-inner-style'><\/span><\/span><\/div><\/p><\/div><\/div><!--close column table wrapper. Autoclose: 1 --><\/div><\/div><\/main><!-- close content main element --><\/div><\/div><div id='after_section_1'  class='main_color av_default_container_wrap container_wrap sidebar_right' style=' '  ><div class='container' ><div class='template-page content  av-content-small alpha units'><div class='post-entry post-entry-type-page post-entry-13578'><div class='entry-content-wrapper clearfix'>\n","protected":false},"excerpt":{"rendered":"","protected":false},"author":6,"featured_media":0,"parent":15296,"menu_order":0,"comment_status":"closed","ping_status":"closed","template":"","meta":{"_acf_changed":false,"inline_featured_image":false,"footnotes":""},"class_list":["post-13578","page","type-page","status-publish","hentry"],"acf":[],"_links":{"self":[{"href":"https:\/\/ilguciems.lv\/en\/wp-json\/wp\/v2\/pages\/13578","targetHints":{"allow":["GET"]}}],"collection":[{"href":"https:\/\/ilguciems.lv\/en\/wp-json\/wp\/v2\/pages"}],"about":[{"href":"https:\/\/ilguciems.lv\/en\/wp-json\/wp\/v2\/types\/page"}],"author":[{"embeddable":true,"href":"https:\/\/ilguciems.lv\/en\/wp-json\/wp\/v2\/users\/6"}],"replies":[{"embeddable":true,"href":"https:\/\/ilguciems.lv\/en\/wp-json\/wp\/v2\/comments?post=13578"}],"version-history":[{"count":6,"href":"https:\/\/ilguciems.lv\/en\/wp-json\/wp\/v2\/pages\/13578\/revisions"}],"predecessor-version":[{"id":40942,"href":"https:\/\/ilguciems.lv\/en\/wp-json\/wp\/v2\/pages\/13578\/revisions\/40942"}],"up":[{"embeddable":true,"href":"https:\/\/ilguciems.lv\/en\/wp-json\/wp\/v2\/pages\/15296"}],"wp:attachment":[{"href":"https:\/\/ilguciems.lv\/en\/wp-json\/wp\/v2\/media?parent=13578"}],"curies":[{"name":"wp","href":"https:\/\/api.w.org\/{rel}","templated":true}]}}